{"id":567,"date":"2024-07-06T15:35:36","date_gmt":"2024-07-06T18:35:36","guid":{"rendered":"https:\/\/edgefy.com\/?page_id=567"},"modified":"2025-09-12T02:32:09","modified_gmt":"2025-09-12T05:32:09","slug":"insights","status":"publish","type":"page","link":"https:\/\/edgefy.com\/english\/insights\/","title":{"rendered":"Insights"},"content":{"rendered":"<div data-elementor-type=\"wp-page\" data-elementor-id=\"567\" class=\"elementor elementor-567\" data-elementor-post-type=\"page\">\n\t\t\t\t<div class=\"elementor-element elementor-element-96e2f8c elementor-hidden-tablet elementor-hidden-mobile animated-slow e-flex e-con-boxed elementor-invisible e-con e-parent\" data-id=\"96e2f8c\" data-element_type=\"container\" data-e-type=\"container\" data-settings=\"{&quot;animation&quot;:&quot;fadeIn&quot;}\">\n\t\t\t\t\t<div class=\"e-con-inner\">\n\t\t\t\t<div class=\"elementor-element elementor-element-39326a9 elementor-grid-1 elementor-grid-tablet-2 elementor-grid-mobile-1 elementor-posts--thumbnail-top elementor-widget elementor-widget-posts\" data-id=\"39326a9\" data-element_type=\"widget\" data-e-type=\"widget\" data-settings=\"{&quot;classic_columns&quot;:&quot;1&quot;,&quot;classic_columns_tablet&quot;:&quot;2&quot;,&quot;classic_columns_mobile&quot;:&quot;1&quot;,&quot;classic_row_gap&quot;:{&quot;unit&quot;:&quot;px&quot;,&quot;size&quot;:35,&quot;sizes&quot;:[]},&quot;classic_row_gap_widescreen&quot;:{&quot;unit&quot;:&quot;px&quot;,&quot;size&quot;:&quot;&quot;,&quot;sizes&quot;:[]},&quot;classic_row_gap_laptop&quot;:{&quot;unit&quot;:&quot;px&quot;,&quot;size&quot;:&quot;&quot;,&quot;sizes&quot;:[]},&quot;classic_row_gap_tablet&quot;:{&quot;unit&quot;:&quot;px&quot;,&quot;size&quot;:&quot;&quot;,&quot;sizes&quot;:[]},&quot;classic_row_gap_mobile&quot;:{&quot;unit&quot;:&quot;px&quot;,&quot;size&quot;:&quot;&quot;,&quot;sizes&quot;:[]}}\" data-widget_type=\"posts.classic\">\n\t\t\t\t<div class=\"elementor-widget-container\">\n\t\t\t\t\t<style>.elementor-element-39326a9{display:none !important}<\/style>\t\t\t\t<\/div>\n\t\t\t\t<\/div>\n\t\t<div class=\"elementor-element elementor-element-a838800 e-con-full e-flex e-con e-child\" data-id=\"a838800\" data-element_type=\"container\" data-e-type=\"container\" data-settings=\"{&quot;background_background&quot;:&quot;classic&quot;}\">\n\t\t\t\t<div class=\"elementor-element elementor-element-2fbcaf7 elementor-grid-1 elementor-posts--thumbnail-none elementor-grid-tablet-2 elementor-grid-mobile-1 elementor-widget elementor-widget-posts\" data-id=\"2fbcaf7\" data-element_type=\"widget\" data-e-type=\"widget\" data-settings=\"{&quot;classic_columns&quot;:&quot;1&quot;,&quot;classic_columns_tablet&quot;:&quot;2&quot;,&quot;classic_columns_mobile&quot;:&quot;1&quot;,&quot;classic_row_gap&quot;:{&quot;unit&quot;:&quot;px&quot;,&quot;size&quot;:35,&quot;sizes&quot;:[]},&quot;classic_row_gap_widescreen&quot;:{&quot;unit&quot;:&quot;px&quot;,&quot;size&quot;:&quot;&quot;,&quot;sizes&quot;:[]},&quot;classic_row_gap_laptop&quot;:{&quot;unit&quot;:&quot;px&quot;,&quot;size&quot;:&quot;&quot;,&quot;sizes&quot;:[]},&quot;classic_row_gap_tablet&quot;:{&quot;unit&quot;:&quot;px&quot;,&quot;size&quot;:&quot;&quot;,&quot;sizes&quot;:[]},&quot;classic_row_gap_mobile&quot;:{&quot;unit&quot;:&quot;px&quot;,&quot;size&quot;:&quot;&quot;,&quot;sizes&quot;:[]}}\" data-widget_type=\"posts.classic\">\n\t\t\t\t<div class=\"elementor-widget-container\">\n\t\t\t\t\t<style>.elementor-element-2fbcaf7{display:none !important}<\/style>\t\t\t\t<\/div>\n\t\t\t\t<\/div>\n\t\t\t\t<\/div>\n\t\t\t\t\t<\/div>\n\t\t\t\t<\/div>\n\t\t<div class=\"elementor-element elementor-element-6c5256d animated-slow e-flex e-con-boxed elementor-invisible e-con e-parent\" data-id=\"6c5256d\" data-element_type=\"container\" data-e-type=\"container\" data-settings=\"{&quot;animation&quot;:&quot;fadeIn&quot;}\">\n\t\t\t\t\t<div class=\"e-con-inner\">\n\t\t\t\t<div class=\"elementor-element elementor-element-1bdb0fb elementor-grid-tablet-1 elementor-hidden-tablet elementor-hidden-mobile elementor-grid-3 elementor-grid-mobile-1 elementor-posts--thumbnail-top elementor-widget elementor-widget-posts\" data-id=\"1bdb0fb\" data-element_type=\"widget\" data-e-type=\"widget\" data-settings=\"{&quot;classic_row_gap&quot;:{&quot;unit&quot;:&quot;px&quot;,&quot;size&quot;:24,&quot;sizes&quot;:[]},&quot;classic_columns_tablet&quot;:&quot;1&quot;,&quot;classic_row_gap_tablet&quot;:{&quot;unit&quot;:&quot;px&quot;,&quot;size&quot;:60,&quot;sizes&quot;:[]},&quot;classic_columns&quot;:&quot;3&quot;,&quot;classic_columns_mobile&quot;:&quot;1&quot;,&quot;classic_row_gap_widescreen&quot;:{&quot;unit&quot;:&quot;px&quot;,&quot;size&quot;:&quot;&quot;,&quot;sizes&quot;:[]},&quot;classic_row_gap_laptop&quot;:{&quot;unit&quot;:&quot;px&quot;,&quot;size&quot;:&quot;&quot;,&quot;sizes&quot;:[]},&quot;classic_row_gap_mobile&quot;:{&quot;unit&quot;:&quot;px&quot;,&quot;size&quot;:&quot;&quot;,&quot;sizes&quot;:[]}}\" data-widget_type=\"posts.classic\">\n\t\t\t\t<div class=\"elementor-widget-container\">\n\t\t\t\t\t<style>.elementor-element-1bdb0fb{display:none !important}<\/style>\t\t\t\t<\/div>\n\t\t\t\t<\/div>\n\t\t\t\t<div class=\"elementor-element elementor-element-21a308a elementor-grid-tablet-1 elementor-hidden-tablet elementor-hidden-mobile elementor-grid-3 elementor-grid-mobile-1 elementor-posts--thumbnail-top elementor-widget elementor-widget-posts\" data-id=\"21a308a\" data-element_type=\"widget\" data-e-type=\"widget\" data-settings=\"{&quot;classic_row_gap&quot;:{&quot;unit&quot;:&quot;px&quot;,&quot;size&quot;:24,&quot;sizes&quot;:[]},&quot;classic_columns_tablet&quot;:&quot;1&quot;,&quot;classic_row_gap_tablet&quot;:{&quot;unit&quot;:&quot;px&quot;,&quot;size&quot;:60,&quot;sizes&quot;:[]},&quot;classic_columns&quot;:&quot;3&quot;,&quot;classic_columns_mobile&quot;:&quot;1&quot;,&quot;classic_row_gap_widescreen&quot;:{&quot;unit&quot;:&quot;px&quot;,&quot;size&quot;:&quot;&quot;,&quot;sizes&quot;:[]},&quot;classic_row_gap_laptop&quot;:{&quot;unit&quot;:&quot;px&quot;,&quot;size&quot;:&quot;&quot;,&quot;sizes&quot;:[]},&quot;classic_row_gap_mobile&quot;:{&quot;unit&quot;:&quot;px&quot;,&quot;size&quot;:&quot;&quot;,&quot;sizes&quot;:[]}}\" data-widget_type=\"posts.classic\">\n\t\t\t\t<div class=\"elementor-widget-container\">\n\t\t\t\t\t\t\t<div class=\"elementor-posts-container elementor-posts elementor-posts--skin-classic elementor-grid\" role=\"list\">\n\t\t\t\t<article class=\"elementor-post elementor-grid-item post-531 post type-post status-publish format-standard has-post-thumbnail hentry category-insights tag-data-center tag-ia tag-ingles\" role=\"listitem\">\n\t\t\t\t<a class=\"elementor-post__thumbnail__link\" href=\"https:\/\/edgefy.com\/english\/insights\/como-a-ia-esta-redefinindo-os-data-centers\/\" tabindex=\"-1\" >\n\t\t\t<div class=\"elementor-post__thumbnail\"><img fetchpriority=\"high\" decoding=\"async\" width=\"1500\" height=\"600\" src=\"https:\/\/edgefy.com\/wp-content\/uploads\/2024\/07\/1713B9C1B7Dh6PV1g5vn.webp\" class=\"attachment-full size-full wp-image-533\" alt=\"Edgefy: Como a intelig\u00eancia artificial est\u00e1 redefinindo o setor de data center\" srcset=\"https:\/\/edgefy.com\/wp-content\/uploads\/2024\/07\/1713B9C1B7Dh6PV1g5vn.webp 1500w, https:\/\/edgefy.com\/wp-content\/uploads\/2024\/07\/1713B9C1B7Dh6PV1g5vn-300x120.webp 300w, https:\/\/edgefy.com\/wp-content\/uploads\/2024\/07\/1713B9C1B7Dh6PV1g5vn-1024x410.webp 1024w, https:\/\/edgefy.com\/wp-content\/uploads\/2024\/07\/1713B9C1B7Dh6PV1g5vn-768x307.webp 768w\" sizes=\"(max-width: 1500px) 100vw, 1500px\" \/><\/div>\n\t\t<\/a>\n\t\t\t\t<div class=\"elementor-post__text\">\n\t\t\t\t<h3 class=\"elementor-post__title\">\n\t\t\t<a href=\"https:\/\/edgefy.com\/english\/insights\/como-a-ia-esta-redefinindo-os-data-centers\/\" >\n\t\t\t\tHow AI is Redefining Data Centers\t\t\t<\/a>\n\t\t<\/h3>\n\t\t\t\t<div class=\"elementor-post__excerpt\">\n\t\t\t<p>AI is playing a crucial role in transforming data centers, enabling businesses to operate more efficiently and resiliently.<\/p>\n\t\t<\/div>\n\t\t\t\t<\/div>\n\t\t\t\t<\/article>\n\t\t\t\t<article class=\"elementor-post elementor-grid-item post-510 post type-post status-publish format-standard has-post-thumbnail hentry category-insights tag-data-center tag-ingles tag-pue tag-sustentabilidade\" role=\"listitem\">\n\t\t\t\t<a class=\"elementor-post__thumbnail__link\" href=\"https:\/\/edgefy.com\/english\/insights\/o-que-e-pue-e-qual-sua-relacao-com-sustentabilidade\/\" tabindex=\"-1\" >\n\t\t\t<div class=\"elementor-post__thumbnail\"><img decoding=\"async\" width=\"1500\" height=\"600\" src=\"https:\/\/edgefy.com\/wp-content\/uploads\/2024\/07\/Edgefy-noticia-pue-capa.webp\" class=\"attachment-full size-full wp-image-512\" alt=\"Edgefy: O que \u00e9 PUE? - Cabos Ethernet em um switch de rede.\" srcset=\"https:\/\/edgefy.com\/wp-content\/uploads\/2024\/07\/Edgefy-noticia-pue-capa.webp 1500w, https:\/\/edgefy.com\/wp-content\/uploads\/2024\/07\/Edgefy-noticia-pue-capa-300x120.webp 300w, https:\/\/edgefy.com\/wp-content\/uploads\/2024\/07\/Edgefy-noticia-pue-capa-1024x410.webp 1024w, https:\/\/edgefy.com\/wp-content\/uploads\/2024\/07\/Edgefy-noticia-pue-capa-768x307.webp 768w\" sizes=\"(max-width: 1500px) 100vw, 1500px\" \/><\/div>\n\t\t<\/a>\n\t\t\t\t<div class=\"elementor-post__text\">\n\t\t\t\t<h3 class=\"elementor-post__title\">\n\t\t\t<a href=\"https:\/\/edgefy.com\/english\/insights\/o-que-e-pue-e-qual-sua-relacao-com-sustentabilidade\/\" >\n\t\t\t\tWhat is PUE? And how is it related to sustainability?\u00a0\u00a0\t\t\t<\/a>\n\t\t<\/h3>\n\t\t\t\t<div class=\"elementor-post__excerpt\">\n\t\t\t<p>Learn about PUE, the metric that drives sustainability efforts, addressing the challenge of meeting the growing demand for data in an eco-friendly way.<\/p>\n\t\t<\/div>\n\t\t\t\t<\/div>\n\t\t\t\t<\/article>\n\t\t\t\t<\/div>\n\t\t\n\t\t\t\t\t\t<\/div>\n\t\t\t\t<\/div>\n\t\t\t\t<div class=\"elementor-element elementor-element-fd0629c elementor-grid-tablet-1 elementor-hidden-desktop load-more-align-center elementor-hidden-laptop elementor-hidden-widescreen elementor-grid-3 elementor-grid-mobile-1 elementor-posts--thumbnail-top load-more-align-center elementor-widget elementor-widget-posts\" data-id=\"fd0629c\" data-element_type=\"widget\" data-e-type=\"widget\" data-settings=\"{&quot;classic_row_gap&quot;:{&quot;unit&quot;:&quot;px&quot;,&quot;size&quot;:0,&quot;sizes&quot;:[]},&quot;classic_columns_tablet&quot;:&quot;1&quot;,&quot;classic_row_gap_tablet&quot;:{&quot;unit&quot;:&quot;px&quot;,&quot;size&quot;:60,&quot;sizes&quot;:[]},&quot;classic_row_gap_mobile&quot;:{&quot;unit&quot;:&quot;px&quot;,&quot;size&quot;:0,&quot;sizes&quot;:[]},&quot;pagination_type&quot;:&quot;load_more_on_click&quot;,&quot;classic_row_gap_laptop&quot;:{&quot;unit&quot;:&quot;px&quot;,&quot;size&quot;:47,&quot;sizes&quot;:[]},&quot;classic_columns&quot;:&quot;3&quot;,&quot;classic_columns_mobile&quot;:&quot;1&quot;,&quot;classic_row_gap_widescreen&quot;:{&quot;unit&quot;:&quot;px&quot;,&quot;size&quot;:&quot;&quot;,&quot;sizes&quot;:[]},&quot;load_more_spinner&quot;:{&quot;value&quot;:&quot;fas fa-spinner&quot;,&quot;library&quot;:&quot;fa-solid&quot;}}\" data-widget_type=\"posts.classic\">\n\t\t\t\t<div class=\"elementor-widget-container\">\n\t\t\t\t\t<style>.elementor-element-fd0629c{display:none !important}<\/style>\t\t\t\t<\/div>\n\t\t\t\t<\/div>\n\t\t\t\t<div class=\"elementor-element elementor-element-10ee9a0 elementor-grid-tablet-1 elementor-hidden-desktop load-more-align-center elementor-hidden-laptop elementor-hidden-widescreen elementor-grid-3 elementor-grid-mobile-1 elementor-posts--thumbnail-top load-more-align-center elementor-widget elementor-widget-posts\" data-id=\"10ee9a0\" data-element_type=\"widget\" data-e-type=\"widget\" data-settings=\"{&quot;classic_row_gap&quot;:{&quot;unit&quot;:&quot;px&quot;,&quot;size&quot;:0,&quot;sizes&quot;:[]},&quot;classic_columns_tablet&quot;:&quot;1&quot;,&quot;classic_row_gap_tablet&quot;:{&quot;unit&quot;:&quot;px&quot;,&quot;size&quot;:60,&quot;sizes&quot;:[]},&quot;classic_row_gap_mobile&quot;:{&quot;unit&quot;:&quot;px&quot;,&quot;size&quot;:0,&quot;sizes&quot;:[]},&quot;pagination_type&quot;:&quot;load_more_on_click&quot;,&quot;classic_row_gap_laptop&quot;:{&quot;unit&quot;:&quot;px&quot;,&quot;size&quot;:47,&quot;sizes&quot;:[]},&quot;classic_columns&quot;:&quot;3&quot;,&quot;classic_columns_mobile&quot;:&quot;1&quot;,&quot;classic_row_gap_widescreen&quot;:{&quot;unit&quot;:&quot;px&quot;,&quot;size&quot;:&quot;&quot;,&quot;sizes&quot;:[]},&quot;load_more_spinner&quot;:{&quot;value&quot;:&quot;fas fa-spinner&quot;,&quot;library&quot;:&quot;fa-solid&quot;}}\" data-widget_type=\"posts.classic\">\n\t\t\t\t<div class=\"elementor-widget-container\">\n\t\t\t\t\t\t\t<div class=\"elementor-posts-container elementor-posts elementor-posts--skin-classic elementor-grid\" role=\"list\">\n\t\t\t\t<article class=\"elementor-post elementor-grid-item post-562 post type-post status-publish format-standard has-post-thumbnail hentry category-insights tag-data-center tag-edge-computing tag-ia tag-ingles\" role=\"listitem\">\n\t\t\t\t<a class=\"elementor-post__thumbnail__link\" href=\"https:\/\/edgefy.com\/english\/insights\/7-tendencias-de-data-centers-que-moldam-a-proxima-era\/\" tabindex=\"-1\" >\n\t\t\t<div class=\"elementor-post__thumbnail\"><img decoding=\"async\" width=\"1500\" height=\"600\" src=\"https:\/\/edgefy.com\/wp-content\/uploads\/2024\/07\/bGG16Fh1HhID9zZ3uTm0.webp\" class=\"attachment-full size-full wp-image-563\" alt=\"Edgefy: 7 tend\u00eancias que moldam a pr\u00f3xima era dos data centers\" srcset=\"https:\/\/edgefy.com\/wp-content\/uploads\/2024\/07\/bGG16Fh1HhID9zZ3uTm0.webp 1500w, https:\/\/edgefy.com\/wp-content\/uploads\/2024\/07\/bGG16Fh1HhID9zZ3uTm0-300x120.webp 300w, https:\/\/edgefy.com\/wp-content\/uploads\/2024\/07\/bGG16Fh1HhID9zZ3uTm0-1024x410.webp 1024w, https:\/\/edgefy.com\/wp-content\/uploads\/2024\/07\/bGG16Fh1HhID9zZ3uTm0-768x307.webp 768w\" sizes=\"(max-width: 1500px) 100vw, 1500px\" \/><\/div>\n\t\t<\/a>\n\t\t\t\t<div class=\"elementor-post__text\">\n\t\t\t\t<h3 class=\"elementor-post__title\">\n\t\t\t<a href=\"https:\/\/edgefy.com\/english\/insights\/7-tendencias-de-data-centers-que-moldam-a-proxima-era\/\" >\n\t\t\t\t7 Data Center Trends Shaping the Next Era\t\t\t<\/a>\n\t\t<\/h3>\n\t\t\t\t<div class=\"elementor-post__excerpt\">\n\t\t\t<p>Unveiling the trends driving the future of data centers: innovation, efficiency, and sustainability.<\/p>\n\t\t<\/div>\n\t\t\t\t<\/div>\n\t\t\t\t<\/article>\n\t\t\t\t<article class=\"elementor-post elementor-grid-item post-531 post type-post status-publish format-standard has-post-thumbnail hentry category-insights tag-data-center tag-ia tag-ingles\" role=\"listitem\">\n\t\t\t\t<a class=\"elementor-post__thumbnail__link\" href=\"https:\/\/edgefy.com\/english\/insights\/como-a-ia-esta-redefinindo-os-data-centers\/\" tabindex=\"-1\" >\n\t\t\t<div class=\"elementor-post__thumbnail\"><img fetchpriority=\"high\" decoding=\"async\" width=\"1500\" height=\"600\" src=\"https:\/\/edgefy.com\/wp-content\/uploads\/2024\/07\/1713B9C1B7Dh6PV1g5vn.webp\" class=\"attachment-full size-full wp-image-533\" alt=\"Edgefy: Como a intelig\u00eancia artificial est\u00e1 redefinindo o setor de data center\" srcset=\"https:\/\/edgefy.com\/wp-content\/uploads\/2024\/07\/1713B9C1B7Dh6PV1g5vn.webp 1500w, https:\/\/edgefy.com\/wp-content\/uploads\/2024\/07\/1713B9C1B7Dh6PV1g5vn-300x120.webp 300w, https:\/\/edgefy.com\/wp-content\/uploads\/2024\/07\/1713B9C1B7Dh6PV1g5vn-1024x410.webp 1024w, https:\/\/edgefy.com\/wp-content\/uploads\/2024\/07\/1713B9C1B7Dh6PV1g5vn-768x307.webp 768w\" sizes=\"(max-width: 1500px) 100vw, 1500px\" \/><\/div>\n\t\t<\/a>\n\t\t\t\t<div class=\"elementor-post__text\">\n\t\t\t\t<h3 class=\"elementor-post__title\">\n\t\t\t<a href=\"https:\/\/edgefy.com\/english\/insights\/como-a-ia-esta-redefinindo-os-data-centers\/\" >\n\t\t\t\tHow AI is Redefining Data Centers\t\t\t<\/a>\n\t\t<\/h3>\n\t\t\t\t<div class=\"elementor-post__excerpt\">\n\t\t\t<p>AI is playing a crucial role in transforming data centers, enabling businesses to operate more efficiently and resiliently.<\/p>\n\t\t<\/div>\n\t\t\t\t<\/div>\n\t\t\t\t<\/article>\n\t\t\t\t<article class=\"elementor-post elementor-grid-item post-510 post type-post status-publish format-standard has-post-thumbnail hentry category-insights tag-data-center tag-ingles tag-pue tag-sustentabilidade\" role=\"listitem\">\n\t\t\t\t<a class=\"elementor-post__thumbnail__link\" href=\"https:\/\/edgefy.com\/english\/insights\/o-que-e-pue-e-qual-sua-relacao-com-sustentabilidade\/\" tabindex=\"-1\" >\n\t\t\t<div class=\"elementor-post__thumbnail\"><img decoding=\"async\" width=\"1500\" height=\"600\" src=\"https:\/\/edgefy.com\/wp-content\/uploads\/2024\/07\/Edgefy-noticia-pue-capa.webp\" class=\"attachment-full size-full wp-image-512\" alt=\"Edgefy: O que \u00e9 PUE? - Cabos Ethernet em um switch de rede.\" srcset=\"https:\/\/edgefy.com\/wp-content\/uploads\/2024\/07\/Edgefy-noticia-pue-capa.webp 1500w, https:\/\/edgefy.com\/wp-content\/uploads\/2024\/07\/Edgefy-noticia-pue-capa-300x120.webp 300w, https:\/\/edgefy.com\/wp-content\/uploads\/2024\/07\/Edgefy-noticia-pue-capa-1024x410.webp 1024w, https:\/\/edgefy.com\/wp-content\/uploads\/2024\/07\/Edgefy-noticia-pue-capa-768x307.webp 768w\" sizes=\"(max-width: 1500px) 100vw, 1500px\" \/><\/div>\n\t\t<\/a>\n\t\t\t\t<div class=\"elementor-post__text\">\n\t\t\t\t<h3 class=\"elementor-post__title\">\n\t\t\t<a href=\"https:\/\/edgefy.com\/english\/insights\/o-que-e-pue-e-qual-sua-relacao-com-sustentabilidade\/\" >\n\t\t\t\tWhat is PUE? And how is it related to sustainability?\u00a0\u00a0\t\t\t<\/a>\n\t\t<\/h3>\n\t\t\t\t<div class=\"elementor-post__excerpt\">\n\t\t\t<p>Learn about PUE, the metric that drives sustainability efforts, addressing the challenge of meeting the growing demand for data in an eco-friendly way.<\/p>\n\t\t<\/div>\n\t\t\t\t<\/div>\n\t\t\t\t<\/article>\n\t\t\t\t<\/div>\n\t\t\t\t\t<span class=\"e-load-more-spinner\">\n\t\t\t\t<svg aria-hidden=\"true\" class=\"e-font-icon-svg e-fas-spinner\" viewbox=\"0 0 512 512\" xmlns=\"http:\/\/www.w3.org\/2000\/svg\"><path d=\"M304 48c0 26.51-21.49 48-48 48s-48-21.49-48-48 21.49-48 48-48 48 21.49 48 48zm-48 368c-26.51 0-48 21.49-48 48s21.49 48 48 48 48-21.49 48-48-21.49-48-48-48zm208-208c-26.51 0-48 21.49-48 48s21.49 48 48 48 48-21.49 48-48-21.49-48-48-48zM96 256c0-26.51-21.49-48-48-48S0 229.49 0 256s21.49 48 48 48 48-21.49 48-48zm12.922 99.078c-26.51 0-48 21.49-48 48s21.49 48 48 48 48-21.49 48-48c0-26.509-21.491-48-48-48zm294.156 0c-26.51 0-48 21.49-48 48s21.49 48 48 48 48-21.49 48-48c0-26.509-21.49-48-48-48zM108.922 60.922c-26.51 0-48 21.49-48 48s21.49 48 48 48 48-21.49 48-48-21.491-48-48-48z\"><\/path><\/svg>\t\t\t<\/span>\n\t\t\n\t\t\t\t\t\t<\/div>\n\t\t\t\t<\/div>\n\t\t\t\t\t<\/div>\n\t\t\t\t<\/div>\n\t\t\t\t<\/div>","protected":false},"excerpt":{"rendered":"","protected":false},"author":3,"featured_media":0,"parent":0,"menu_order":0,"comment_status":"closed","ping_status":"closed","template":"elementor_header_footer","meta":{"footnotes":""},"class_list":["post-567","page","type-page","status-publish","hentry"],"yoast_head":"<!-- This site is optimized with the Yoast SEO plugin v25.5 - https:\/\/yoast.com\/wordpress\/plugins\/seo\/ -->\n<title>Insights | Edgefy<\/title>\n<meta name=\"description\" content=\"Mantenha-se atualizado explorando as tend\u00eancias e insights em data centers modulares e tecnologia da informa\u00e7\u00e3o.\" \/>\n<meta name=\"robots\" content=\"index, follow, max-snippet:-1, max-image-preview:large, max-video-preview:-1\" \/>\n<link rel=\"canonical\" href=\"https:\/\/edgefy.com\/english\/insights\/\" \/>\n<meta property=\"og:locale\" content=\"en_US\" \/>\n<meta property=\"og:type\" content=\"article\" \/>\n<meta property=\"og:title\" content=\"Insights | Edgefy\" \/>\n<meta property=\"og:description\" content=\"Mantenha-se atualizado explorando as tend\u00eancias e insights em data centers modulares e tecnologia da informa\u00e7\u00e3o.\" \/>\n<meta property=\"og:url\" content=\"https:\/\/edgefy.com\/english\/insights\/\" \/>\n<meta property=\"og:site_name\" content=\"Edgefy\" \/>\n<meta property=\"article:modified_time\" content=\"2025-09-12T05:32:09+00:00\" \/>\n<meta name=\"twitter:card\" content=\"summary_large_image\" \/>\n<meta name=\"twitter:label1\" content=\"Est. reading time\" \/>\n\t<meta name=\"twitter:data1\" content=\"12 minutes\" \/>\n<script type=\"application\/ld+json\" class=\"yoast-schema-graph\">{\"@context\":\"https:\/\/schema.org\",\"@graph\":[{\"@type\":\"WebPage\",\"@id\":\"https:\/\/edgefy.com\/insights\/\",\"url\":\"https:\/\/edgefy.com\/insights\/\",\"name\":\"Insights | Edgefy\",\"isPartOf\":{\"@id\":\"https:\/\/edgefy.com\/#website\"},\"datePublished\":\"2024-07-06T18:35:36+00:00\",\"dateModified\":\"2025-09-12T05:32:09+00:00\",\"description\":\"Mantenha-se atualizado explorando as tend\u00eancias e insights em data centers modulares e tecnologia da informa\u00e7\u00e3o.\",\"breadcrumb\":{\"@id\":\"https:\/\/edgefy.com\/insights\/#breadcrumb\"},\"inLanguage\":\"en-US\",\"potentialAction\":[{\"@type\":\"ReadAction\",\"target\":[\"https:\/\/edgefy.com\/insights\/\"]}]},{\"@type\":\"BreadcrumbList\",\"@id\":\"https:\/\/edgefy.com\/insights\/#breadcrumb\",\"itemListElement\":[{\"@type\":\"ListItem\",\"position\":1,\"name\":\"In\u00edcio\",\"item\":\"https:\/\/edgefy.com\/\"},{\"@type\":\"ListItem\",\"position\":2,\"name\":\"Insights\"}]},{\"@type\":\"WebSite\",\"@id\":\"https:\/\/edgefy.com\/#website\",\"url\":\"https:\/\/edgefy.com\/\",\"name\":\"Edgefy\",\"description\":\"Seja um IT Shielding eficaz ou um data center modular, n\u00f3s temos a solu\u00e7\u00e3o completa para voc\u00ea.\",\"publisher\":{\"@id\":\"https:\/\/edgefy.com\/#organization\"},\"potentialAction\":[{\"@type\":\"SearchAction\",\"target\":{\"@type\":\"EntryPoint\",\"urlTemplate\":\"https:\/\/edgefy.com\/?s={search_term_string}\"},\"query-input\":{\"@type\":\"PropertyValueSpecification\",\"valueRequired\":true,\"valueName\":\"search_term_string\"}}],\"inLanguage\":\"en-US\"},{\"@type\":\"Organization\",\"@id\":\"https:\/\/edgefy.com\/#organization\",\"name\":\"Edgefy\",\"url\":\"https:\/\/edgefy.com\/\",\"logo\":{\"@type\":\"ImageObject\",\"inLanguage\":\"en-US\",\"@id\":\"https:\/\/edgefy.com\/#\/schema\/logo\/image\/\",\"url\":\"https:\/\/edgefy.com\/wp-content\/uploads\/2024\/06\/Edgefy-icon.webp\",\"contentUrl\":\"https:\/\/edgefy.com\/wp-content\/uploads\/2024\/06\/Edgefy-icon.webp\",\"width\":560,\"height\":722,\"caption\":\"Edgefy\"},\"image\":{\"@id\":\"https:\/\/edgefy.com\/#\/schema\/logo\/image\/\"}}]}<\/script>\n<!-- \/ Yoast SEO plugin. -->","yoast_head_json":{"title":"Insights | Edgefy","description":"Mantenha-se atualizado explorando as tend\u00eancias e insights em data centers modulares e tecnologia da informa\u00e7\u00e3o.","robots":{"index":"index","follow":"follow","max-snippet":"max-snippet:-1","max-image-preview":"max-image-preview:large","max-video-preview":"max-video-preview:-1"},"canonical":"https:\/\/edgefy.com\/english\/insights\/","og_locale":"en_US","og_type":"article","og_title":"Insights | Edgefy","og_description":"Mantenha-se atualizado explorando as tend\u00eancias e insights em data centers modulares e tecnologia da informa\u00e7\u00e3o.","og_url":"https:\/\/edgefy.com\/english\/insights\/","og_site_name":"Edgefy","article_modified_time":"2025-09-12T05:32:09+00:00","twitter_card":"summary_large_image","twitter_misc":{"Est. reading time":"12 minutes"},"schema":{"@context":"https:\/\/schema.org","@graph":[{"@type":"WebPage","@id":"https:\/\/edgefy.com\/insights\/","url":"https:\/\/edgefy.com\/insights\/","name":"Insights | Edgefy","isPartOf":{"@id":"https:\/\/edgefy.com\/#website"},"datePublished":"2024-07-06T18:35:36+00:00","dateModified":"2025-09-12T05:32:09+00:00","description":"Mantenha-se atualizado explorando as tend\u00eancias e insights em data centers modulares e tecnologia da informa\u00e7\u00e3o.","breadcrumb":{"@id":"https:\/\/edgefy.com\/insights\/#breadcrumb"},"inLanguage":"en-US","potentialAction":[{"@type":"ReadAction","target":["https:\/\/edgefy.com\/insights\/"]}]},{"@type":"BreadcrumbList","@id":"https:\/\/edgefy.com\/insights\/#breadcrumb","itemListElement":[{"@type":"ListItem","position":1,"name":"In\u00edcio","item":"https:\/\/edgefy.com\/"},{"@type":"ListItem","position":2,"name":"Insights"}]},{"@type":"WebSite","@id":"https:\/\/edgefy.com\/#website","url":"https:\/\/edgefy.com\/","name":"Edgefy","description":"Seja um IT Shielding eficaz ou um data center modular, n\u00f3s temos a solu\u00e7\u00e3o completa para voc\u00ea.","publisher":{"@id":"https:\/\/edgefy.com\/#organization"},"potentialAction":[{"@type":"SearchAction","target":{"@type":"EntryPoint","urlTemplate":"https:\/\/edgefy.com\/?s={search_term_string}"},"query-input":{"@type":"PropertyValueSpecification","valueRequired":true,"valueName":"search_term_string"}}],"inLanguage":"en-US"},{"@type":"Organization","@id":"https:\/\/edgefy.com\/#organization","name":"Edgefy","url":"https:\/\/edgefy.com\/","logo":{"@type":"ImageObject","inLanguage":"en-US","@id":"https:\/\/edgefy.com\/#\/schema\/logo\/image\/","url":"https:\/\/edgefy.com\/wp-content\/uploads\/2024\/06\/Edgefy-icon.webp","contentUrl":"https:\/\/edgefy.com\/wp-content\/uploads\/2024\/06\/Edgefy-icon.webp","width":560,"height":722,"caption":"Edgefy"},"image":{"@id":"https:\/\/edgefy.com\/#\/schema\/logo\/image\/"}}]}},"_links":{"self":[{"href":"https:\/\/edgefy.com\/english\/wp-json\/wp\/v2\/pages\/567","targetHints":{"allow":["GET"]}}],"collection":[{"href":"https:\/\/edgefy.com\/english\/wp-json\/wp\/v2\/pages"}],"about":[{"href":"https:\/\/edgefy.com\/english\/wp-json\/wp\/v2\/types\/page"}],"author":[{"embeddable":true,"href":"https:\/\/edgefy.com\/english\/wp-json\/wp\/v2\/users\/3"}],"replies":[{"embeddable":true,"href":"https:\/\/edgefy.com\/english\/wp-json\/wp\/v2\/comments?post=567"}],"version-history":[{"count":0,"href":"https:\/\/edgefy.com\/english\/wp-json\/wp\/v2\/pages\/567\/revisions"}],"wp:attachment":[{"href":"https:\/\/edgefy.com\/english\/wp-json\/wp\/v2\/media?parent=567"}],"curies":[{"name":"wp","href":"https:\/\/api.w.org\/{rel}","templated":true}]}}