{"id":1978,"date":"2024-10-11T14:55:57","date_gmt":"2024-10-11T17:55:57","guid":{"rendered":"https:\/\/edgefy.com\/?page_id=1978"},"modified":"2024-10-14T16:29:51","modified_gmt":"2024-10-14T19:29:51","slug":"politica-empresarial","status":"publish","type":"page","link":"https:\/\/edgefy.com\/english\/politica-empresarial\/","title":{"rendered":"Corporate policy"},"content":{"rendered":"<div data-elementor-type=\"wp-page\" data-elementor-id=\"1978\" class=\"elementor elementor-1978\" data-elementor-post-type=\"page\">\n\t\t\t\t<div class=\"elementor-element elementor-element-849add1 e-flex e-con-boxed e-con e-parent\" data-id=\"849add1\" data-element_type=\"container\" data-e-type=\"container\">\n\t\t\t\t\t<div class=\"e-con-inner\">\n\t\t\t\t<div class=\"elementor-element elementor-element-d0afa00 elementor-widget elementor-widget-heading\" data-id=\"d0afa00\" data-element_type=\"widget\" data-e-type=\"widget\" data-widget_type=\"heading.default\">\n\t\t\t\t\t<h1 class=\"elementor-heading-title elementor-size-default\">Corporate policy<\/h1>\t\t\t\t<\/div>\n\t\t\t\t\t<\/div>\n\t\t\t\t<\/div>\n\t\t<div class=\"elementor-element elementor-element-6e53429 e-flex e-con-boxed e-con e-parent\" data-id=\"6e53429\" data-element_type=\"container\" data-e-type=\"container\" data-settings=\"{&quot;background_background&quot;:&quot;classic&quot;}\">\n\t\t\t\t\t<div class=\"e-con-inner\">\n\t\t<div class=\"elementor-element elementor-element-2c0ec8f e-con-full e-flex e-con e-child\" data-id=\"2c0ec8f\" data-element_type=\"container\" data-e-type=\"container\">\n\t\t\t\t<div class=\"elementor-element elementor-element-300350c elementor-widget elementor-widget-heading\" data-id=\"300350c\" data-element_type=\"widget\" data-e-type=\"widget\" data-widget_type=\"heading.default\">\n\t\t\t\t\t<h4 class=\"elementor-heading-title elementor-size-default\">Assegurar solu\u00e7\u00f5es que propiciem seguran\u00e7a e alta disponibilidade para clientes de infraestrutura para Data Centers, motivadas pela constante busca de excel\u00eancia nos servi\u00e7os, promovendo o relacionamento e integra\u00e7\u00e3o com os clientes e envidando todos os esfor\u00e7os para concretiza\u00e7\u00e3o do melhor resultado pautado nos procedimentos estabelecidos no Sistema de Gest\u00e3o da Qualidade, seguindo as seguintes diretrizes:<\/h4>\t\t\t\t<\/div>\n\t\t\t\t<div class=\"elementor-element elementor-element-f41d1d3 elementor-widget elementor-widget-heading\" data-id=\"f41d1d3\" data-element_type=\"widget\" data-e-type=\"widget\" data-widget_type=\"heading.default\">\n\t\t\t\t\t<h4 class=\"elementor-heading-title elementor-size-default\">\u2713 Atender as necessidades e particularidades de cada cliente;<\/h4>\t\t\t\t<\/div>\n\t\t\t\t<div class=\"elementor-element elementor-element-5998ce8 elementor-widget elementor-widget-heading\" data-id=\"5998ce8\" data-element_type=\"widget\" data-e-type=\"widget\" data-widget_type=\"heading.default\">\n\t\t\t\t\t<h4 class=\"elementor-heading-title elementor-size-default\">\u2713 Realizar monitoramento cont\u00ednuo do controle de qualidade na linha de produ\u00e7\u00e3o, garantindo o cumprimento das normas t\u00e9cnicas e atendimento legal concernente \u00e0s nossas atividades;<\/h4>\t\t\t\t<\/div>\n\t\t\t\t<div class=\"elementor-element elementor-element-e77b8b4 elementor-widget elementor-widget-heading\" data-id=\"e77b8b4\" data-element_type=\"widget\" data-e-type=\"widget\" data-widget_type=\"heading.default\">\n\t\t\t\t\t<h4 class=\"elementor-heading-title elementor-size-default\">\u2713 Buscar sempre o aperfei\u00e7oamento t\u00e9cnico organizacional e intelectual, de forma a nos mantermos sempre atualizados e na vanguarda tecnol\u00f3gica, provendo aos nossos clientes solu\u00e7\u00f5es inovadoras, atrav\u00e9s de uma filosofia de melhoria cont\u00ednua.<\/h4>\t\t\t\t<\/div>\n\t\t\t\t<\/div>\n\t\t\t\t\t<\/div>\n\t\t\t\t<\/div>\n\t\t\t\t<\/div>","protected":false},"excerpt":{"rendered":"<p>Pol\u00edtica empresarial Assegurar solu\u00e7\u00f5es que propiciem seguran\u00e7a e alta disponibilidade para clientes de infraestrutura para Data Centers, motivadas pela constante busca de excel\u00eancia nos servi\u00e7os, promovendo o relacionamento e integra\u00e7\u00e3o com os clientes e envidando todos os esfor\u00e7os para concretiza\u00e7\u00e3o do melhor resultado pautado nos procedimentos estabelecidos no Sistema de Gest\u00e3o da Qualidade, seguindo as [&hellip;]<\/p>\n","protected":false},"author":3,"featured_media":0,"parent":0,"menu_order":0,"comment_status":"closed","ping_status":"open","template":"elementor_header_footer","meta":{"_acf_changed":false,"footnotes":""},"class_list":["post-1978","page","type-page","status-publish","hentry"],"acf":[],"yoast_head":"<!-- This site is optimized with the Yoast SEO plugin v25.5 - https:\/\/yoast.com\/wordpress\/plugins\/seo\/ -->\n<title>Pol\u00edtica empresarial - Edgefy<\/title>\n<meta name=\"robots\" content=\"noindex, nofollow\" \/>\n<meta property=\"og:locale\" content=\"en_US\" \/>\n<meta property=\"og:type\" content=\"article\" \/>\n<meta property=\"og:title\" content=\"Pol\u00edtica empresarial - Edgefy\" \/>\n<meta property=\"og:description\" content=\"Pol\u00edtica empresarial Assegurar solu\u00e7\u00f5es que propiciem seguran\u00e7a e alta disponibilidade para clientes de infraestrutura para Data Centers, motivadas pela constante busca de excel\u00eancia nos servi\u00e7os, promovendo o relacionamento e integra\u00e7\u00e3o com os clientes e envidando todos os esfor\u00e7os para concretiza\u00e7\u00e3o do melhor resultado pautado nos procedimentos estabelecidos no Sistema de Gest\u00e3o da Qualidade, seguindo as [&hellip;]\" \/>\n<meta property=\"og:url\" content=\"https:\/\/edgefy.com\/english\/politica-empresarial\/\" \/>\n<meta property=\"og:site_name\" content=\"Edgefy\" \/>\n<meta property=\"article:modified_time\" content=\"2024-10-14T19:29:51+00:00\" \/>\n<meta name=\"twitter:card\" content=\"summary_large_image\" \/>\n<meta name=\"twitter:label1\" content=\"Est. reading time\" \/>\n\t<meta name=\"twitter:data1\" content=\"1 minute\" \/>\n<script type=\"application\/ld+json\" class=\"yoast-schema-graph\">{\"@context\":\"https:\/\/schema.org\",\"@graph\":[{\"@type\":\"WebPage\",\"@id\":\"https:\/\/edgefy.com\/politica-empresarial\/\",\"url\":\"https:\/\/edgefy.com\/politica-empresarial\/\",\"name\":\"Pol\u00edtica empresarial - Edgefy\",\"isPartOf\":{\"@id\":\"https:\/\/edgefy.com\/#website\"},\"datePublished\":\"2024-10-11T17:55:57+00:00\",\"dateModified\":\"2024-10-14T19:29:51+00:00\",\"breadcrumb\":{\"@id\":\"https:\/\/edgefy.com\/politica-empresarial\/#breadcrumb\"},\"inLanguage\":\"en-US\",\"potentialAction\":[{\"@type\":\"ReadAction\",\"target\":[\"https:\/\/edgefy.com\/politica-empresarial\/\"]}]},{\"@type\":\"BreadcrumbList\",\"@id\":\"https:\/\/edgefy.com\/politica-empresarial\/#breadcrumb\",\"itemListElement\":[{\"@type\":\"ListItem\",\"position\":1,\"name\":\"In\u00edcio\",\"item\":\"https:\/\/edgefy.com\/\"},{\"@type\":\"ListItem\",\"position\":2,\"name\":\"Pol\u00edtica empresarial\"}]},{\"@type\":\"WebSite\",\"@id\":\"https:\/\/edgefy.com\/#website\",\"url\":\"https:\/\/edgefy.com\/\",\"name\":\"Edgefy\",\"description\":\"Seja um IT Shielding eficaz ou um data center modular, n\u00f3s temos a solu\u00e7\u00e3o completa para voc\u00ea.\",\"publisher\":{\"@id\":\"https:\/\/edgefy.com\/#organization\"},\"potentialAction\":[{\"@type\":\"SearchAction\",\"target\":{\"@type\":\"EntryPoint\",\"urlTemplate\":\"https:\/\/edgefy.com\/?s={search_term_string}\"},\"query-input\":{\"@type\":\"PropertyValueSpecification\",\"valueRequired\":true,\"valueName\":\"search_term_string\"}}],\"inLanguage\":\"en-US\"},{\"@type\":\"Organization\",\"@id\":\"https:\/\/edgefy.com\/#organization\",\"name\":\"Edgefy\",\"url\":\"https:\/\/edgefy.com\/\",\"logo\":{\"@type\":\"ImageObject\",\"inLanguage\":\"en-US\",\"@id\":\"https:\/\/edgefy.com\/#\/schema\/logo\/image\/\",\"url\":\"https:\/\/edgefy.com\/wp-content\/uploads\/2024\/06\/Edgefy-icon.webp\",\"contentUrl\":\"https:\/\/edgefy.com\/wp-content\/uploads\/2024\/06\/Edgefy-icon.webp\",\"width\":560,\"height\":722,\"caption\":\"Edgefy\"},\"image\":{\"@id\":\"https:\/\/edgefy.com\/#\/schema\/logo\/image\/\"}}]}<\/script>\n<!-- \/ Yoast SEO plugin. -->","yoast_head_json":{"title":"Pol\u00edtica empresarial - Edgefy","robots":{"index":"noindex","follow":"nofollow"},"og_locale":"en_US","og_type":"article","og_title":"Pol\u00edtica empresarial - Edgefy","og_description":"Pol\u00edtica empresarial Assegurar solu\u00e7\u00f5es que propiciem seguran\u00e7a e alta disponibilidade para clientes de infraestrutura para Data Centers, motivadas pela constante busca de excel\u00eancia nos servi\u00e7os, promovendo o relacionamento e integra\u00e7\u00e3o com os clientes e envidando todos os esfor\u00e7os para concretiza\u00e7\u00e3o do melhor resultado pautado nos procedimentos estabelecidos no Sistema de Gest\u00e3o da Qualidade, seguindo as [&hellip;]","og_url":"https:\/\/edgefy.com\/english\/politica-empresarial\/","og_site_name":"Edgefy","article_modified_time":"2024-10-14T19:29:51+00:00","twitter_card":"summary_large_image","twitter_misc":{"Est. reading time":"1 minute"},"schema":{"@context":"https:\/\/schema.org","@graph":[{"@type":"WebPage","@id":"https:\/\/edgefy.com\/politica-empresarial\/","url":"https:\/\/edgefy.com\/politica-empresarial\/","name":"Pol\u00edtica empresarial - Edgefy","isPartOf":{"@id":"https:\/\/edgefy.com\/#website"},"datePublished":"2024-10-11T17:55:57+00:00","dateModified":"2024-10-14T19:29:51+00:00","breadcrumb":{"@id":"https:\/\/edgefy.com\/politica-empresarial\/#breadcrumb"},"inLanguage":"en-US","potentialAction":[{"@type":"ReadAction","target":["https:\/\/edgefy.com\/politica-empresarial\/"]}]},{"@type":"BreadcrumbList","@id":"https:\/\/edgefy.com\/politica-empresarial\/#breadcrumb","itemListElement":[{"@type":"ListItem","position":1,"name":"In\u00edcio","item":"https:\/\/edgefy.com\/"},{"@type":"ListItem","position":2,"name":"Pol\u00edtica empresarial"}]},{"@type":"WebSite","@id":"https:\/\/edgefy.com\/#website","url":"https:\/\/edgefy.com\/","name":"Edgefy","description":"Seja um IT Shielding eficaz ou um data center modular, n\u00f3s temos a solu\u00e7\u00e3o completa para voc\u00ea.","publisher":{"@id":"https:\/\/edgefy.com\/#organization"},"potentialAction":[{"@type":"SearchAction","target":{"@type":"EntryPoint","urlTemplate":"https:\/\/edgefy.com\/?s={search_term_string}"},"query-input":{"@type":"PropertyValueSpecification","valueRequired":true,"valueName":"search_term_string"}}],"inLanguage":"en-US"},{"@type":"Organization","@id":"https:\/\/edgefy.com\/#organization","name":"Edgefy","url":"https:\/\/edgefy.com\/","logo":{"@type":"ImageObject","inLanguage":"en-US","@id":"https:\/\/edgefy.com\/#\/schema\/logo\/image\/","url":"https:\/\/edgefy.com\/wp-content\/uploads\/2024\/06\/Edgefy-icon.webp","contentUrl":"https:\/\/edgefy.com\/wp-content\/uploads\/2024\/06\/Edgefy-icon.webp","width":560,"height":722,"caption":"Edgefy"},"image":{"@id":"https:\/\/edgefy.com\/#\/schema\/logo\/image\/"}}]}},"_links":{"self":[{"href":"https:\/\/edgefy.com\/english\/wp-json\/wp\/v2\/pages\/1978","targetHints":{"allow":["GET"]}}],"collection":[{"href":"https:\/\/edgefy.com\/english\/wp-json\/wp\/v2\/pages"}],"about":[{"href":"https:\/\/edgefy.com\/english\/wp-json\/wp\/v2\/types\/page"}],"author":[{"embeddable":true,"href":"https:\/\/edgefy.com\/english\/wp-json\/wp\/v2\/users\/3"}],"replies":[{"embeddable":true,"href":"https:\/\/edgefy.com\/english\/wp-json\/wp\/v2\/comments?post=1978"}],"version-history":[{"count":0,"href":"https:\/\/edgefy.com\/english\/wp-json\/wp\/v2\/pages\/1978\/revisions"}],"wp:attachment":[{"href":"https:\/\/edgefy.com\/english\/wp-json\/wp\/v2\/media?parent=1978"}],"curies":[{"name":"wp","href":"https:\/\/api.w.org\/{rel}","templated":true}]}}